{"id":9183,"date":"2023-03-31T10:52:16","date_gmt":"2023-03-31T14:52:16","guid":{"rendered":"https:\/\/www.fleuristeq4.com\/produit\/flower-basket-with-red-roses\/"},"modified":"2023-04-02T19:21:22","modified_gmt":"2023-04-02T23:21:22","slug":"panier-de-noel-pour-dire-merci","status":"publish","type":"product","link":"https:\/\/www.fleuristeq4.com\/en\/product\/panier-de-noel-pour-dire-merci\/","title":{"rendered":"Panier de No\u00ebl pour dire merci"},"content":{"rendered":"<ul style=\"margin-bottom: 1rem; margin-top: 0px; padding-left: 0px; font-family: Poppins, sans-serif; font-size: 14px; letter-spacing: 1.159999966621399px;\">\n<li>Faites confiance \u00e0 notre \u00e9quipe pour composer un panier cadeaux \u00e0 la hauteur de vos attentes. Chocolats, confitures, pop corn, bi\u00e8res, friandises et plus encore \u2026 \u00a0tout en respectant le budget demand\u00e9.<\/li>\n<\/ul>\n<div id=\"gtx-trans\" style=\"position: absolute; left: 95px; top: 25.6667px;\">\n<div class=\"gtx-trans-icon\"><\/div>\n<\/div>\n","protected":false},"excerpt":{"rendered":"<p><span style=\"font-family: Poppins, sans-serif; font-size: 15px; letter-spacing: 1.159999966621399px; background-color: #ffffff;\">Flower basket, created by our Q4 team.<\/span><\/p>\n","protected":false},"featured_media":2488,"template":"","meta":{"_acf_changed":false,"_seopress_robots_primary_cat":"","_seopress_titles_title":"","_seopress_titles_desc":"","_seopress_robots_index":"","om_disable_all_campaigns":false},"product_brand":[],"product_cat":[171,167],"product_tag":[],"class_list":{"0":"post-9183","1":"product","2":"type-product","3":"status-publish","4":"has-post-thumbnail","6":"product_cat-gift-baskets","7":"product_cat-gifts","9":"first","10":"instock","11":"taxable","12":"shipping-taxable","13":"purchasable","14":"product-type-variable"},"acf":[],"jetpack_sharing_enabled":true,"_links":{"self":[{"href":"https:\/\/www.fleuristeq4.com\/en\/wp-json\/wp\/v2\/product\/9183","targetHints":{"allow":["GET"]}}],"collection":[{"href":"https:\/\/www.fleuristeq4.com\/en\/wp-json\/wp\/v2\/product"}],"about":[{"href":"https:\/\/www.fleuristeq4.com\/en\/wp-json\/wp\/v2\/types\/product"}],"wp:featuredmedia":[{"embeddable":true,"href":"https:\/\/www.fleuristeq4.com\/en\/wp-json\/wp\/v2\/media\/2488"}],"wp:attachment":[{"href":"https:\/\/www.fleuristeq4.com\/en\/wp-json\/wp\/v2\/media?parent=9183"}],"wp:term":[{"taxonomy":"product_brand","embeddable":true,"href":"https:\/\/www.fleuristeq4.com\/en\/wp-json\/wp\/v2\/product_brand?post=9183"},{"taxonomy":"product_cat","embeddable":true,"href":"https:\/\/www.fleuristeq4.com\/en\/wp-json\/wp\/v2\/product_cat?post=9183"},{"taxonomy":"product_tag","embeddable":true,"href":"https:\/\/www.fleuristeq4.com\/en\/wp-json\/wp\/v2\/product_tag?post=9183"}],"curies":[{"name":"wp","href":"https:\/\/api.w.org\/{rel}","templated":true}]}}