{"id":9147,"date":"2023-03-31T10:52:05","date_gmt":"2023-03-31T14:52:05","guid":{"rendered":"https:\/\/www.fleuristeq4.com\/produit\/bouquet-of-flowers-nathalie\/"},"modified":"2023-04-02T19:39:54","modified_gmt":"2023-04-02T23:39:54","slug":"bouquet-of-flowers-nathalie","status":"publish","type":"product","link":"https:\/\/www.fleuristeq4.com\/en\/product\/bouquet-of-flowers-nathalie\/","title":{"rendered":"Bouquet of flowers Nathalie"},"content":{"rendered":"<ul style=\"margin-bottom: 1rem; margin-top: 0px; padding-left: 0px; font-family: Poppins, sans-serif; font-size: 14px; letter-spacing: 1.159999966621399px;\">\n<li>Ce magnifique bouquet color\u00e9 est pr\u00e9sent\u00e9 avec nos fleurs du moment.<\/li>\n<li>Prendre note que les choix de fleurs est sujet \u00e0 changement selon la saison ou la disponibilit\u00e9 en frigo.<\/li>\n<li>Faites confiance \u00e0 l'artiste!<\/li>\n<\/ul>\n","protected":false},"excerpt":{"rendered":"<pre id=\"tw-target-text\" class=\"tw-data-text tw-text-large XcVN5d tw-ta\" dir=\"ltr\" style=\"font-size: 24px; line-height: 28px; background-color: transparent; border: none; padding: 10px .14em 10px 0px; margin-top: -10px; margin-bottom: -10px; font-family: inherit; width: 336px; color: #3c4043;\"><span lang=\"en\" xml:lang=\"en\">Colorful bouquet of flowers, creation of our Q4 team.<\/span><\/pre>\n","protected":false},"featured_media":2380,"template":"","meta":{"_acf_changed":false,"_seopress_robots_primary_cat":"","_seopress_titles_title":"","_seopress_titles_desc":"","_seopress_robots_index":"","om_disable_all_campaigns":false},"product_brand":[],"product_cat":[163,164],"product_tag":[],"class_list":{"0":"post-9147","1":"product","2":"type-product","3":"status-publish","4":"has-post-thumbnail","6":"product_cat-florist","7":"product_cat-flower-bouquets","8":"product_shipping_class-floral","10":"first","11":"instock","12":"taxable","13":"shipping-taxable","14":"purchasable","15":"product-type-variable"},"acf":[],"jetpack_sharing_enabled":true,"_links":{"self":[{"href":"https:\/\/www.fleuristeq4.com\/en\/wp-json\/wp\/v2\/product\/9147","targetHints":{"allow":["GET"]}}],"collection":[{"href":"https:\/\/www.fleuristeq4.com\/en\/wp-json\/wp\/v2\/product"}],"about":[{"href":"https:\/\/www.fleuristeq4.com\/en\/wp-json\/wp\/v2\/types\/product"}],"wp:featuredmedia":[{"embeddable":true,"href":"https:\/\/www.fleuristeq4.com\/en\/wp-json\/wp\/v2\/media\/2380"}],"wp:attachment":[{"href":"https:\/\/www.fleuristeq4.com\/en\/wp-json\/wp\/v2\/media?parent=9147"}],"wp:term":[{"taxonomy":"product_brand","embeddable":true,"href":"https:\/\/www.fleuristeq4.com\/en\/wp-json\/wp\/v2\/product_brand?post=9147"},{"taxonomy":"product_cat","embeddable":true,"href":"https:\/\/www.fleuristeq4.com\/en\/wp-json\/wp\/v2\/product_cat?post=9147"},{"taxonomy":"product_tag","embeddable":true,"href":"https:\/\/www.fleuristeq4.com\/en\/wp-json\/wp\/v2\/product_tag?post=9147"}],"curies":[{"name":"wp","href":"https:\/\/api.w.org\/{rel}","templated":true}]}}