{"id":9116,"date":"2023-03-31T10:51:57","date_gmt":"2023-03-31T14:51:57","guid":{"rendered":"https:\/\/www.fleuristeq4.com\/produit\/bouquet-of-flower-girl-with-orchid\/"},"modified":"2023-04-02T19:52:22","modified_gmt":"2023-04-02T23:52:22","slug":"bouquet-of-flower-girl-with-orchid","status":"publish","type":"product","link":"https:\/\/www.fleuristeq4.com\/en\/product\/bouquet-of-flower-girl-with-orchid\/","title":{"rendered":"Bouquet of flower girl with orchid"},"content":{"rendered":"<p>This magnificent bouquet is presented with our flowers of the moment.<\/p>\n<p>Please note that the choice of flowers is subject to change depending on the season or availability in the fridge.<\/p>\n<p>Trust the artist!<\/p>\n","protected":false},"excerpt":{"rendered":"<p>Petit bouquet avec orchid\u00e9e, cr\u00e9ation sur mesure de notre \u00e9quipe Q4.<\/p>\n","protected":false},"featured_media":2191,"template":"","meta":{"_acf_changed":false,"_seopress_robots_primary_cat":"","_seopress_titles_title":"","_seopress_titles_desc":"","_seopress_robots_index":"","om_disable_all_campaigns":false},"product_brand":[],"product_cat":[163,164],"product_tag":[],"class_list":{"0":"post-9116","1":"product","2":"type-product","3":"status-publish","4":"has-post-thumbnail","6":"product_cat-florist","7":"product_cat-flower-bouquets","8":"product_shipping_class-floral","10":"first","11":"instock","12":"taxable","13":"shipping-taxable","14":"purchasable","15":"product-type-simple"},"acf":[],"jetpack_sharing_enabled":true,"_links":{"self":[{"href":"https:\/\/www.fleuristeq4.com\/en\/wp-json\/wp\/v2\/product\/9116","targetHints":{"allow":["GET"]}}],"collection":[{"href":"https:\/\/www.fleuristeq4.com\/en\/wp-json\/wp\/v2\/product"}],"about":[{"href":"https:\/\/www.fleuristeq4.com\/en\/wp-json\/wp\/v2\/types\/product"}],"wp:featuredmedia":[{"embeddable":true,"href":"https:\/\/www.fleuristeq4.com\/en\/wp-json\/wp\/v2\/media\/2191"}],"wp:attachment":[{"href":"https:\/\/www.fleuristeq4.com\/en\/wp-json\/wp\/v2\/media?parent=9116"}],"wp:term":[{"taxonomy":"product_brand","embeddable":true,"href":"https:\/\/www.fleuristeq4.com\/en\/wp-json\/wp\/v2\/product_brand?post=9116"},{"taxonomy":"product_cat","embeddable":true,"href":"https:\/\/www.fleuristeq4.com\/en\/wp-json\/wp\/v2\/product_cat?post=9116"},{"taxonomy":"product_tag","embeddable":true,"href":"https:\/\/www.fleuristeq4.com\/en\/wp-json\/wp\/v2\/product_tag?post=9116"}],"curies":[{"name":"wp","href":"https:\/\/api.w.org\/{rel}","templated":true}]}}