{"id":8857,"date":"2023-03-25T14:27:55","date_gmt":"2023-03-25T18:27:55","guid":{"rendered":"https:\/\/www.fleuristeq4.com\/produit\/coussin-de-cercueil-a29\/"},"modified":"2025-10-27T09:22:33","modified_gmt":"2025-10-27T13:22:33","slug":"coussin-de-cercueil-a29","status":"publish","type":"product","link":"https:\/\/www.fleuristeq4.com\/en\/product\/coussin-de-cercueil-a29\/","title":{"rendered":"Coussin de cercueil #A29"},"content":{"rendered":"<ul style=\"margin-bottom: 1rem;margin-top: 0px;padding-left: 0px;font-family: Poppins, sans-serif;font-size: 14px;letter-spacing: 1.159999966621399px\">\n<li>Prendre note que le choix des fleurs est sujet \u00e0 changement selon la saison ou la disponibilit\u00e9 en frigo.<\/li>\n<li>Faites confiance \u00e0 l'artiste!<\/li>\n<\/ul>\n","protected":false},"excerpt":{"rendered":"<p>Prendre note que le choix des fleurs est sujet \u00e0 changement selon la saison ou la disponibilit\u00e9 en frigo. Faites confiance \u00e0 l'artiste!<\/p>\n","protected":false},"featured_media":18996,"template":"","meta":{"_acf_changed":false,"_seopress_robots_primary_cat":"","_seopress_titles_title":"","_seopress_titles_desc":"","_seopress_robots_index":"","om_disable_all_campaigns":false},"product_brand":[],"product_cat":[217,88,94,135],"product_tag":[],"class_list":{"0":"post-8857","1":"product","2":"type-product","3":"status-publish","4":"has-post-thumbnail","6":"product_cat-coussin-de-cercueil","7":"product_cat-fleurs","8":"product_cat-funerailles","9":"product_cat-montages","11":"first","12":"instock","13":"taxable","14":"shipping-taxable","15":"purchasable","16":"product-type-simple"},"acf":[],"jetpack_sharing_enabled":true,"_links":{"self":[{"href":"https:\/\/www.fleuristeq4.com\/en\/wp-json\/wp\/v2\/product\/8857","targetHints":{"allow":["GET"]}}],"collection":[{"href":"https:\/\/www.fleuristeq4.com\/en\/wp-json\/wp\/v2\/product"}],"about":[{"href":"https:\/\/www.fleuristeq4.com\/en\/wp-json\/wp\/v2\/types\/product"}],"wp:featuredmedia":[{"embeddable":true,"href":"https:\/\/www.fleuristeq4.com\/en\/wp-json\/wp\/v2\/media\/18996"}],"wp:attachment":[{"href":"https:\/\/www.fleuristeq4.com\/en\/wp-json\/wp\/v2\/media?parent=8857"}],"wp:term":[{"taxonomy":"product_brand","embeddable":true,"href":"https:\/\/www.fleuristeq4.com\/en\/wp-json\/wp\/v2\/product_brand?post=8857"},{"taxonomy":"product_cat","embeddable":true,"href":"https:\/\/www.fleuristeq4.com\/en\/wp-json\/wp\/v2\/product_cat?post=8857"},{"taxonomy":"product_tag","embeddable":true,"href":"https:\/\/www.fleuristeq4.com\/en\/wp-json\/wp\/v2\/product_tag?post=8857"}],"curies":[{"name":"wp","href":"https:\/\/api.w.org\/{rel}","templated":true}]}}