{"id":8822,"date":"2023-03-25T13:43:16","date_gmt":"2023-03-25T17:43:16","guid":{"rendered":"https:\/\/www.fleuristeq4.com\/produit\/montage-urne-41\/"},"modified":"2025-10-27T09:30:04","modified_gmt":"2025-10-27T13:30:04","slug":"montage-urne-41","status":"publish","type":"product","link":"https:\/\/www.fleuristeq4.com\/en\/product\/montage-urne-41\/","title":{"rendered":"Montage urne #A41"},"content":{"rendered":"<ul style=\"margin-bottom: 1rem;margin-top: 0px;padding-left: 0px;font-family: Poppins, sans-serif;font-size: 14px;letter-spacing: 1.159999966621399px\">\n<li>Prendre note que le choix des fleurs est sujet \u00e0 changement selon la saison ou la disponibilit\u00e9 en frigo.<\/li>\n<li>Faites confiance \u00e0 l'artiste!<\/li>\n<\/ul>\n<p>-Urne non incluse<\/p>\n","protected":false},"excerpt":{"rendered":"<p>Prendre note que le choix des fleurs est sujet \u00e0 changement selon la saison ou la disponibilit\u00e9 en frigo. Faites confiance \u00e0 l'artiste! -Urne non incluse<\/p>\n","protected":false},"featured_media":18914,"template":"","meta":{"_acf_changed":false,"_seopress_robots_primary_cat":"","_seopress_titles_title":"","_seopress_titles_desc":"","_seopress_robots_index":"","om_disable_all_campaigns":false},"product_brand":[],"product_cat":[88,94,216,135],"product_tag":[],"class_list":{"0":"post-8822","1":"product","2":"type-product","3":"status-publish","4":"has-post-thumbnail","6":"product_cat-fleurs","7":"product_cat-funerailles","8":"product_cat-montage-sur-urne","9":"product_cat-montages","11":"first","12":"instock","13":"taxable","14":"shipping-taxable","15":"purchasable","16":"product-type-simple"},"acf":[],"jetpack_sharing_enabled":true,"_links":{"self":[{"href":"https:\/\/www.fleuristeq4.com\/en\/wp-json\/wp\/v2\/product\/8822","targetHints":{"allow":["GET"]}}],"collection":[{"href":"https:\/\/www.fleuristeq4.com\/en\/wp-json\/wp\/v2\/product"}],"about":[{"href":"https:\/\/www.fleuristeq4.com\/en\/wp-json\/wp\/v2\/types\/product"}],"wp:featuredmedia":[{"embeddable":true,"href":"https:\/\/www.fleuristeq4.com\/en\/wp-json\/wp\/v2\/media\/18914"}],"wp:attachment":[{"href":"https:\/\/www.fleuristeq4.com\/en\/wp-json\/wp\/v2\/media?parent=8822"}],"wp:term":[{"taxonomy":"product_brand","embeddable":true,"href":"https:\/\/www.fleuristeq4.com\/en\/wp-json\/wp\/v2\/product_brand?post=8822"},{"taxonomy":"product_cat","embeddable":true,"href":"https:\/\/www.fleuristeq4.com\/en\/wp-json\/wp\/v2\/product_cat?post=8822"},{"taxonomy":"product_tag","embeddable":true,"href":"https:\/\/www.fleuristeq4.com\/en\/wp-json\/wp\/v2\/product_tag?post=8822"}],"curies":[{"name":"wp","href":"https:\/\/api.w.org\/{rel}","templated":true}]}}