{"id":8383,"date":"2023-03-23T16:47:24","date_gmt":"2023-03-23T20:47:24","guid":{"rendered":"https:\/\/www.fleuristeq4.com\/produit\/verre-isotherme-courage-force-perseverance\/"},"modified":"2023-11-05T19:54:05","modified_gmt":"2023-11-06T00:54:05","slug":"verre-isotherme-courage-force-perseverance","status":"publish","type":"product","link":"https:\/\/www.fleuristeq4.com\/en\/product\/verre-isotherme-courage-force-perseverance\/","title":{"rendered":"Bouteille isotherme courage force pers\u00e9v\u00e9rance"},"content":{"rendered":"<p>Pour cet item d\u00e9lais de livraison 2 \u00e0 3 semaines.<\/p>\n","protected":false},"excerpt":{"rendered":"<p>Pour cet item d\u00e9lais de livraison 2 \u00e0 3 semaines.<\/p>\n","protected":false},"featured_media":8381,"template":"","meta":{"_acf_changed":false,"_seopress_robots_primary_cat":"","_seopress_titles_title":"","_seopress_titles_desc":"","_seopress_robots_index":"","om_disable_all_campaigns":false},"product_brand":[],"product_cat":[132,66],"product_tag":[],"class_list":{"0":"post-8383","1":"product","2":"type-product","3":"status-publish","4":"has-post-thumbnail","6":"product_cat-cadeaux-dhotesse","7":"product_cat-cadeaux","9":"first","10":"instock","11":"taxable","12":"shipping-taxable","13":"purchasable","14":"product-type-simple"},"acf":[],"jetpack_sharing_enabled":true,"_links":{"self":[{"href":"https:\/\/www.fleuristeq4.com\/en\/wp-json\/wp\/v2\/product\/8383","targetHints":{"allow":["GET"]}}],"collection":[{"href":"https:\/\/www.fleuristeq4.com\/en\/wp-json\/wp\/v2\/product"}],"about":[{"href":"https:\/\/www.fleuristeq4.com\/en\/wp-json\/wp\/v2\/types\/product"}],"wp:featuredmedia":[{"embeddable":true,"href":"https:\/\/www.fleuristeq4.com\/en\/wp-json\/wp\/v2\/media\/8381"}],"wp:attachment":[{"href":"https:\/\/www.fleuristeq4.com\/en\/wp-json\/wp\/v2\/media?parent=8383"}],"wp:term":[{"taxonomy":"product_brand","embeddable":true,"href":"https:\/\/www.fleuristeq4.com\/en\/wp-json\/wp\/v2\/product_brand?post=8383"},{"taxonomy":"product_cat","embeddable":true,"href":"https:\/\/www.fleuristeq4.com\/en\/wp-json\/wp\/v2\/product_cat?post=8383"},{"taxonomy":"product_tag","embeddable":true,"href":"https:\/\/www.fleuristeq4.com\/en\/wp-json\/wp\/v2\/product_tag?post=8383"}],"curies":[{"name":"wp","href":"https:\/\/api.w.org\/{rel}","templated":true}]}}