{"id":8374,"date":"2023-03-23T16:42:09","date_gmt":"2023-03-23T20:42:09","guid":{"rendered":"https:\/\/www.fleuristeq4.com\/produit\/verre-isotherme-educatrice\/"},"modified":"2023-11-05T19:54:39","modified_gmt":"2023-11-06T00:54:39","slug":"verre-isotherme-educatrice","status":"publish","type":"product","link":"https:\/\/www.fleuristeq4.com\/en\/product\/verre-isotherme-educatrice\/","title":{"rendered":"Bouteille isotherme \u00e9ducatrice"},"content":{"rendered":"<p>Pour cet item d\u00e9lais de livraison 2 \u00e0 3 semaines.<\/p>\n","protected":false},"excerpt":{"rendered":"<p>Pour cet item d\u00e9lais de livraison 2 \u00e0 3 semaines.<\/p>\n","protected":false},"featured_media":8372,"template":"","meta":{"_acf_changed":false,"_seopress_robots_primary_cat":"","_seopress_titles_title":"","_seopress_titles_desc":"","_seopress_robots_index":"","om_disable_all_campaigns":false},"product_brand":[],"product_cat":[132,83,66],"product_tag":[],"class_list":{"0":"post-8374","1":"product","2":"type-product","3":"status-publish","4":"has-post-thumbnail","6":"product_cat-cadeaux-dhotesse","7":"product_cat-decors-accessoires","8":"product_cat-cadeaux","10":"first","11":"instock","12":"taxable","13":"shipping-taxable","14":"purchasable","15":"product-type-simple"},"acf":[],"jetpack_sharing_enabled":true,"_links":{"self":[{"href":"https:\/\/www.fleuristeq4.com\/en\/wp-json\/wp\/v2\/product\/8374","targetHints":{"allow":["GET"]}}],"collection":[{"href":"https:\/\/www.fleuristeq4.com\/en\/wp-json\/wp\/v2\/product"}],"about":[{"href":"https:\/\/www.fleuristeq4.com\/en\/wp-json\/wp\/v2\/types\/product"}],"wp:featuredmedia":[{"embeddable":true,"href":"https:\/\/www.fleuristeq4.com\/en\/wp-json\/wp\/v2\/media\/8372"}],"wp:attachment":[{"href":"https:\/\/www.fleuristeq4.com\/en\/wp-json\/wp\/v2\/media?parent=8374"}],"wp:term":[{"taxonomy":"product_brand","embeddable":true,"href":"https:\/\/www.fleuristeq4.com\/en\/wp-json\/wp\/v2\/product_brand?post=8374"},{"taxonomy":"product_cat","embeddable":true,"href":"https:\/\/www.fleuristeq4.com\/en\/wp-json\/wp\/v2\/product_cat?post=8374"},{"taxonomy":"product_tag","embeddable":true,"href":"https:\/\/www.fleuristeq4.com\/en\/wp-json\/wp\/v2\/product_tag?post=8374"}],"curies":[{"name":"wp","href":"https:\/\/api.w.org\/{rel}","templated":true}]}}