{"id":8321,"date":"2023-03-23T16:17:21","date_gmt":"2023-03-23T20:17:21","guid":{"rendered":"https:\/\/www.fleuristeq4.com\/produit\/verre-isotherme-fee-clochette-2\/"},"modified":"2023-11-05T19:54:51","modified_gmt":"2023-11-06T00:54:51","slug":"verre-isotherme-fee-clochette-2","status":"publish","type":"product","link":"https:\/\/www.fleuristeq4.com\/en\/product\/verre-isotherme-fee-clochette-2\/","title":{"rendered":"Bouteille isotherme f\u00e9e clochette"},"content":{"rendered":"<p>Pour cet item d\u00e9lais de livraison 2 \u00e0 3 semaines.<\/p>\n","protected":false},"excerpt":{"rendered":"<p>Pour cet item d\u00e9lais de livraison 2 \u00e0 3 semaines.<\/p>\n","protected":false},"featured_media":8319,"template":"","meta":{"_acf_changed":false,"_seopress_robots_primary_cat":"","_seopress_titles_title":"","_seopress_titles_desc":"","_seopress_robots_index":"","om_disable_all_campaigns":false},"product_brand":[],"product_cat":[132,66],"product_tag":[],"class_list":{"0":"post-8321","1":"product","2":"type-product","3":"status-publish","4":"has-post-thumbnail","6":"product_cat-cadeaux-dhotesse","7":"product_cat-cadeaux","9":"first","10":"instock","11":"taxable","12":"shipping-taxable","13":"purchasable","14":"product-type-simple"},"acf":[],"jetpack_sharing_enabled":true,"_links":{"self":[{"href":"https:\/\/www.fleuristeq4.com\/en\/wp-json\/wp\/v2\/product\/8321","targetHints":{"allow":["GET"]}}],"collection":[{"href":"https:\/\/www.fleuristeq4.com\/en\/wp-json\/wp\/v2\/product"}],"about":[{"href":"https:\/\/www.fleuristeq4.com\/en\/wp-json\/wp\/v2\/types\/product"}],"wp:featuredmedia":[{"embeddable":true,"href":"https:\/\/www.fleuristeq4.com\/en\/wp-json\/wp\/v2\/media\/8319"}],"wp:attachment":[{"href":"https:\/\/www.fleuristeq4.com\/en\/wp-json\/wp\/v2\/media?parent=8321"}],"wp:term":[{"taxonomy":"product_brand","embeddable":true,"href":"https:\/\/www.fleuristeq4.com\/en\/wp-json\/wp\/v2\/product_brand?post=8321"},{"taxonomy":"product_cat","embeddable":true,"href":"https:\/\/www.fleuristeq4.com\/en\/wp-json\/wp\/v2\/product_cat?post=8321"},{"taxonomy":"product_tag","embeddable":true,"href":"https:\/\/www.fleuristeq4.com\/en\/wp-json\/wp\/v2\/product_tag?post=8321"}],"curies":[{"name":"wp","href":"https:\/\/api.w.org\/{rel}","templated":true}]}}