{"id":2858,"date":"2023-02-03T10:52:05","date_gmt":"2023-02-03T15:52:05","guid":{"rendered":"https:\/\/www.fleuristeq4.com\/produit\/bootleger-melange-magique-95g\/"},"modified":"2025-01-27T14:41:04","modified_gmt":"2025-01-27T19:41:04","slug":"bootleger-melange-magique-95g","status":"publish","type":"product","link":"https:\/\/www.fleuristeq4.com\/en\/product\/bootleger-melange-magique-95g\/","title":{"rendered":"Bootleger M\u00e9lange Magique 95g"},"content":{"rendered":"<p><span style=\"border:0px;font-family:Montserrat;font-size:14px;font-style:italic;margin:0px;padding:0px;vertical-align:baseline;color:#232323\"><span style=\"border:0px;font-family:Lora;font-style:inherit;font-weight:bold;margin:0px;padding:0px;vertical-align:baseline\">Sans gluten, certifi\u00e9 aliments du Qu\u00e9bec<\/span><\/span><br style=\"color:#232323;font-family:Montserrat;font-size:14px\" \/><span style=\"color:#232323;font-family:Montserrat;font-size:14px;background-color:#ffffff\">Ajoutez de la magie dans vos plats. Saupoudrez ce concentr\u00e9 de saveurs sur vos frites, vos croustilles, vos ailes de poulet, dans vos plats mijot\u00e9s, sauces \u00e0 spaghetti, boeuf bourguignon, soupes, etc., sans oublier vos oeufs, l\u00e9gumes, salades, pommes de terre grecs. Ajoutez dans un m\u00e9lange de chapelure. Givrez vos rebords de verres \u00e0 bloody et vous avez un Bloody. Ajoutez une cuill\u00e8re \u00e0 th\u00e9 de sauce backfire et vous avez un\u00a0<\/span><span style=\"border:0px;font-family:Lora;font-size:14px;font-weight:bold;margin:0px;padding:0px;vertical-align:baseline;color:#232323\">Bloodylegger<\/span><span style=\"color:#232323;font-family:Montserrat;font-size:14px;background-color:#ffffff\">.<\/span><\/p>\n","protected":false},"excerpt":{"rendered":"<p>Bootleger M\u00e9lange Magique 95g<\/p>\n","protected":false},"featured_media":2856,"template":"","meta":{"_acf_changed":false,"_seopress_robots_primary_cat":"","_seopress_titles_title":"","_seopress_titles_desc":"","_seopress_robots_index":"","om_disable_all_campaigns":false},"product_brand":[],"product_cat":[99,66],"product_tag":[],"class_list":{"0":"post-2858","1":"product","2":"type-product","3":"status-publish","4":"has-post-thumbnail","6":"product_cat-coin-gourmand","7":"product_cat-cadeaux","9":"first","10":"instock","11":"taxable","12":"shipping-taxable","13":"purchasable","14":"product-type-simple"},"acf":[],"jetpack_sharing_enabled":true,"_links":{"self":[{"href":"https:\/\/www.fleuristeq4.com\/en\/wp-json\/wp\/v2\/product\/2858","targetHints":{"allow":["GET"]}}],"collection":[{"href":"https:\/\/www.fleuristeq4.com\/en\/wp-json\/wp\/v2\/product"}],"about":[{"href":"https:\/\/www.fleuristeq4.com\/en\/wp-json\/wp\/v2\/types\/product"}],"wp:featuredmedia":[{"embeddable":true,"href":"https:\/\/www.fleuristeq4.com\/en\/wp-json\/wp\/v2\/media\/2856"}],"wp:attachment":[{"href":"https:\/\/www.fleuristeq4.com\/en\/wp-json\/wp\/v2\/media?parent=2858"}],"wp:term":[{"taxonomy":"product_brand","embeddable":true,"href":"https:\/\/www.fleuristeq4.com\/en\/wp-json\/wp\/v2\/product_brand?post=2858"},{"taxonomy":"product_cat","embeddable":true,"href":"https:\/\/www.fleuristeq4.com\/en\/wp-json\/wp\/v2\/product_cat?post=2858"},{"taxonomy":"product_tag","embeddable":true,"href":"https:\/\/www.fleuristeq4.com\/en\/wp-json\/wp\/v2\/product_tag?post=2858"}],"curies":[{"name":"wp","href":"https:\/\/api.w.org\/{rel}","templated":true}]}}