{"id":19908,"date":"2026-02-04T15:53:30","date_gmt":"2026-02-04T20:53:30","guid":{"rendered":"https:\/\/www.fleuristeq4.com\/produit\/panier-st-valentin-collaboration-avec-capeline-chocolat-de-bedford\/"},"modified":"2026-02-04T16:41:05","modified_gmt":"2026-02-04T21:41:05","slug":"panier-st-valentin-collaboration-avec-capeline-chocolat-de-bedford","status":"publish","type":"product","link":"https:\/\/www.fleuristeq4.com\/en\/product\/panier-st-valentin-collaboration-avec-capeline-chocolat-de-bedford\/","title":{"rendered":"Panier St-Valentin, collaboration avec Capeline &amp; Chocolat de Bedford"},"content":{"rendered":"<p>On est vraiment fiers de vous pr\u00e9senter ce panier cadeau en collaboration avec<\/p>\n<p>\u2728 Capeline &amp; Chocolats de Bedford \u2728<\/p>\n<p>Dans ce magnifique kit, vous retrouverez entre autres :<\/p>\n<p>\ud83c\udf6b Un c\u0153ur Duba\u00ef \u00e0 la pistache avec un pop corn caramel<\/p>\n<p>\ud83c\udf81 Une s\u00e9lection de douceurs et d\u2019articles parfaits pour g\u00e2ter la personne que vous aimez<\/p>\n<p>\ud83d\udc49 Une id\u00e9e cadeau cl\u00e9 en main<\/p>\n<p>\ud83d\udc49 Locale, gourmande et remplie d\u2019amour<\/p>\n<p>\ud83d\udcb2 Valeur de 60 $<\/p>\n<p>\u26a0\ufe0f Les articles peuvent varier selon les disponibilit\u00e9s<\/p>\n<p>Un cadeau parfait pour la Saint-Valentin\u2026 ou juste pour faire fondre un c\u0153ur \ud83d\udc98<\/p>\n","protected":false},"excerpt":{"rendered":"<p>On est vraiment fiers de vous pr\u00e9senter ce panier cadeau en collaboration avec \u2728 Capeline &amp; Chocolats de Bedford \u2728 Dans ce magnifique kit, vous retrouverez entre autres : \ud83c\udf6b Un c\u0153ur Duba\u00ef \u00e0 la pistache avec un pop corn caramel \ud83c\udf81 Une s\u00e9lection de douceurs et d\u2019articles parfaits pour g\u00e2ter la personne que vous [&hellip;]<\/p>\n","protected":false},"featured_media":19906,"template":"","meta":{"_acf_changed":false,"_seopress_robots_primary_cat":"","_seopress_titles_title":"","_seopress_titles_desc":"","_seopress_robots_index":"","om_disable_all_campaigns":false},"product_brand":[],"product_cat":[88,66,230,231],"product_tag":[],"class_list":{"0":"post-19908","1":"product","2":"type-product","3":"status-publish","4":"has-post-thumbnail","6":"product_cat-fleurs","7":"product_cat-cadeaux","8":"product_cat-st-valentin","11":"first","12":"instock","13":"taxable","14":"shipping-taxable","15":"purchasable","16":"product-type-simple"},"acf":[],"jetpack_sharing_enabled":true,"_links":{"self":[{"href":"https:\/\/www.fleuristeq4.com\/en\/wp-json\/wp\/v2\/product\/19908","targetHints":{"allow":["GET"]}}],"collection":[{"href":"https:\/\/www.fleuristeq4.com\/en\/wp-json\/wp\/v2\/product"}],"about":[{"href":"https:\/\/www.fleuristeq4.com\/en\/wp-json\/wp\/v2\/types\/product"}],"wp:featuredmedia":[{"embeddable":true,"href":"https:\/\/www.fleuristeq4.com\/en\/wp-json\/wp\/v2\/media\/19906"}],"wp:attachment":[{"href":"https:\/\/www.fleuristeq4.com\/en\/wp-json\/wp\/v2\/media?parent=19908"}],"wp:term":[{"taxonomy":"product_brand","embeddable":true,"href":"https:\/\/www.fleuristeq4.com\/en\/wp-json\/wp\/v2\/product_brand?post=19908"},{"taxonomy":"product_cat","embeddable":true,"href":"https:\/\/www.fleuristeq4.com\/en\/wp-json\/wp\/v2\/product_cat?post=19908"},{"taxonomy":"product_tag","embeddable":true,"href":"https:\/\/www.fleuristeq4.com\/en\/wp-json\/wp\/v2\/product_tag?post=19908"}],"curies":[{"name":"wp","href":"https:\/\/api.w.org\/{rel}","templated":true}]}}