{"id":19782,"date":"2026-01-22T16:22:25","date_gmt":"2026-01-22T21:22:25","guid":{"rendered":"https:\/\/www.fleuristeq4.com\/?post_type=product&#038;p=19782"},"modified":"2026-01-29T09:56:42","modified_gmt":"2026-01-29T14:56:42","slug":"bouquet-de-fleurs-de-saison-accompagne-dune-boite-de-chocolats-dune-valeur-de-50-par-mois-pour-une-duree-de-6-mois-bouquet-de-fleurs-environ-3-tiges-avec-feuillage-2","status":"publish","type":"product","link":"https:\/\/www.fleuristeq4.com\/en\/product\/bouquet-de-fleurs-de-saison-accompagne-dune-boite-de-chocolats-dune-valeur-de-50-par-mois-pour-une-duree-de-6-mois-bouquet-de-fleurs-environ-3-tiges-avec-feuillage-2\/","title":{"rendered":"Abonnement, fleurs\/chocolats, 50$, 12 mois, voir description."},"content":{"rendered":"<p>Bouquet de fleurs de saison accompagn\u00e9 d\u2019une bo\u00eete de chocolats, d\u2019une valeur de 50 $ par mois, pour une dur\u00e9e de 12 mois<\/p>\n<p>(Bouquet de fleurs, Environ 3 tiges avec feuillage).<\/p>\n<p>\ud83d\udccd R\u00e9gion de Saint-Jean-sur-Richelieu : bo\u00eete de chocolats Leonidas, Ma\u00eetre Chocolatier<\/p>\n<p>\ud83d\udccd R\u00e9gion de Bedford (Estrie) : bo\u00eete de chocolats Capeline &amp; Chocolats, chocolaterie situ\u00e9e sur la rue Principale \u00e0 Bedford<\/p>\n<p>\ud83d\ude9a Livraison le 15 de chaque mois, selon l\u2019inspiration de nos fleuristes et la disponibilit\u00e9 des fleurs de saison.<\/p>\n<p>Merci de votre confiance ! \ud83c\udf38<\/p>\n","protected":false},"excerpt":{"rendered":"<p>Bouquet de fleurs de saison accompagn\u00e9 d\u2019une bo\u00eete de chocolats, d\u2019une valeur de 50 $ par mois, pour une dur\u00e9e de 12 mois (Bouquet de fleurs, Environ 3 tiges avec feuillage). \ud83d\udccd R\u00e9gion de Saint-Jean-sur-Richelieu : bo\u00eete de chocolats Leonidas, Ma\u00eetre Chocolatier \ud83d\udccd R\u00e9gion de Bedford (Estrie) : bo\u00eete de chocolats Capeline &amp; Chocolats, chocolaterie [&hellip;]<\/p>\n","protected":false},"featured_media":19780,"template":"","meta":{"_acf_changed":false,"_seopress_robots_primary_cat":"","_seopress_titles_title":"","_seopress_titles_desc":"","_seopress_robots_index":"","om_disable_all_campaigns":false},"product_brand":[],"product_cat":[229,76],"product_tag":[],"class_list":{"0":"post-19782","1":"product","2":"type-product","3":"status-publish","4":"has-post-thumbnail","6":"product_cat-abonnements-floraux","7":"product_cat-non-classe","9":"first","10":"instock","11":"taxable","12":"shipping-taxable","13":"purchasable","14":"product-type-simple"},"acf":[],"jetpack_sharing_enabled":true,"_links":{"self":[{"href":"https:\/\/www.fleuristeq4.com\/en\/wp-json\/wp\/v2\/product\/19782","targetHints":{"allow":["GET"]}}],"collection":[{"href":"https:\/\/www.fleuristeq4.com\/en\/wp-json\/wp\/v2\/product"}],"about":[{"href":"https:\/\/www.fleuristeq4.com\/en\/wp-json\/wp\/v2\/types\/product"}],"wp:featuredmedia":[{"embeddable":true,"href":"https:\/\/www.fleuristeq4.com\/en\/wp-json\/wp\/v2\/media\/19780"}],"wp:attachment":[{"href":"https:\/\/www.fleuristeq4.com\/en\/wp-json\/wp\/v2\/media?parent=19782"}],"wp:term":[{"taxonomy":"product_brand","embeddable":true,"href":"https:\/\/www.fleuristeq4.com\/en\/wp-json\/wp\/v2\/product_brand?post=19782"},{"taxonomy":"product_cat","embeddable":true,"href":"https:\/\/www.fleuristeq4.com\/en\/wp-json\/wp\/v2\/product_cat?post=19782"},{"taxonomy":"product_tag","embeddable":true,"href":"https:\/\/www.fleuristeq4.com\/en\/wp-json\/wp\/v2\/product_tag?post=19782"}],"curies":[{"name":"wp","href":"https:\/\/api.w.org\/{rel}","templated":true}]}}