{"id":19648,"date":"2026-01-22T10:50:52","date_gmt":"2026-01-22T15:50:52","guid":{"rendered":"https:\/\/www.fleuristeq4.com\/?post_type=product&#038;p=19648"},"modified":"2026-01-29T11:29:34","modified_gmt":"2026-01-29T16:29:34","slug":"oeillet-rose","status":"publish","type":"product","link":"https:\/\/www.fleuristeq4.com\/en\/product\/oeillet-rose\/","title":{"rendered":"\u0152illet rose"},"content":{"rendered":"<p>Images \u00e0 titre indicatif. Les fleurs peuvent varies selon la disponibilit\u00e9. Les substitutions se feront avec des fleurs similaires. Merci de votre confiance ! \ud83c\udf38<\/p>\n","protected":false},"excerpt":{"rendered":"<p>Images \u00e0 titre indicatif. Les fleurs peuvent varies selon la disponibilit\u00e9. Les substitutions se feront avec des fleurs similaires. Merci de votre confiance ! \ud83c\udf38<\/p>\n","protected":false},"featured_media":19829,"template":"","meta":{"_acf_changed":false,"_seopress_robots_primary_cat":"","_seopress_titles_title":"","_seopress_titles_desc":"","_seopress_robots_index":"","om_disable_all_campaigns":false},"product_brand":[],"product_cat":[228,76],"product_tag":[],"class_list":{"0":"post-19648","1":"product","2":"type-product","3":"status-publish","4":"has-post-thumbnail","6":"product_cat-bar-a-fleurs","7":"product_cat-non-classe","9":"first","10":"instock","11":"taxable","12":"shipping-taxable","13":"purchasable","14":"product-type-simple"},"acf":[],"jetpack_sharing_enabled":true,"_links":{"self":[{"href":"https:\/\/www.fleuristeq4.com\/en\/wp-json\/wp\/v2\/product\/19648","targetHints":{"allow":["GET"]}}],"collection":[{"href":"https:\/\/www.fleuristeq4.com\/en\/wp-json\/wp\/v2\/product"}],"about":[{"href":"https:\/\/www.fleuristeq4.com\/en\/wp-json\/wp\/v2\/types\/product"}],"wp:featuredmedia":[{"embeddable":true,"href":"https:\/\/www.fleuristeq4.com\/en\/wp-json\/wp\/v2\/media\/19829"}],"wp:attachment":[{"href":"https:\/\/www.fleuristeq4.com\/en\/wp-json\/wp\/v2\/media?parent=19648"}],"wp:term":[{"taxonomy":"product_brand","embeddable":true,"href":"https:\/\/www.fleuristeq4.com\/en\/wp-json\/wp\/v2\/product_brand?post=19648"},{"taxonomy":"product_cat","embeddable":true,"href":"https:\/\/www.fleuristeq4.com\/en\/wp-json\/wp\/v2\/product_cat?post=19648"},{"taxonomy":"product_tag","embeddable":true,"href":"https:\/\/www.fleuristeq4.com\/en\/wp-json\/wp\/v2\/product_tag?post=19648"}],"curies":[{"name":"wp","href":"https:\/\/api.w.org\/{rel}","templated":true}]}}