{"id":19069,"date":"2025-10-31T11:24:02","date_gmt":"2025-10-31T15:24:02","guid":{"rendered":"https:\/\/www.fleuristeq4.com\/produit\/poire-vanille-pamplemousse-212-ml\/"},"modified":"2026-01-26T16:40:21","modified_gmt":"2026-01-26T21:40:21","slug":"poire-vanille-pamplemousse-212-ml","status":"publish","type":"product","link":"https:\/\/www.fleuristeq4.com\/en\/product\/poire-vanille-pamplemousse-212-ml\/","title":{"rendered":"Confiture Poire, vanille &amp; pamplemousse  -  212 ml"},"content":{"rendered":"<p class=\"p1\">Coup de c\u0153ur de notre client\u00e8le, nous cuisinons la<br \/>\nd\u00e9licieuse poire Beaut\u00e9 Flamande du Qu\u00e9bec, r\u00e9put\u00e9e<br \/>\npour la douceur velout\u00e9e de sa chair sucr\u00e9e et juteuse.<br \/>\nElle offre une texture fondante unique qui se marie \u00e0<br \/>\nla perfection avec les notes subtiles et l\u00e9g\u00e8rement<br \/>\nacidul\u00e9es du pamplemousse confit, le tout envelopp\u00e9<br \/>\npar l\u2019aroma d\u2019une v\u00e9ritable gousse de vanille.<\/p>\n<p><strong>Ingr\u00e9dients :<span class=\"Apple-converted-space\">&nbsp;<\/span><\/strong>Poires, sucre bio, pamplemousse bio, jus de citron, gousse de vanille, pectine<\/p>\n<ul>\n<li><span><span lang=\"FR-CA\"><strong>Produit v\u00e9gane<\/strong><\/span><\/span><\/li>\n<li><span><span lang=\"FR-CA\"><strong>Sans noix<\/strong><\/span><\/span><\/li>\n<li><span><span lang=\"FR-CA\"><strong>Sans gluten<\/strong><\/span><\/span><\/li>\n<li style=\"margin-bottom: 0px\"><span><span lang=\"FR-CA\"><strong>Sans agent de conservation<\/strong><\/span><\/span><\/li>\n<\/ul>\n","protected":false},"excerpt":{"rendered":"<p>Coup de c\u0153ur de notre client\u00e8le, nous cuisinons la d\u00e9licieuse poire Beaut\u00e9 Flamande du Qu\u00e9bec, r\u00e9put\u00e9e pour la douceur velout\u00e9e de sa chair sucr\u00e9e et juteuse. Elle offre une texture fondante unique qui se marie \u00e0 la perfection avec les notes subtiles et l\u00e9g\u00e8rement acidul\u00e9es du pamplemousse confit, le tout envelopp\u00e9 par l\u2019aroma d\u2019une v\u00e9ritable [&hellip;]<\/p>\n","protected":false},"featured_media":19067,"template":"","meta":{"_acf_changed":false,"_seopress_robots_primary_cat":"","_seopress_titles_title":"","_seopress_titles_desc":"","_seopress_robots_index":"","om_disable_all_campaigns":false},"product_brand":[],"product_cat":[76],"product_tag":[],"class_list":{"0":"post-19069","1":"product","2":"type-product","3":"status-publish","4":"has-post-thumbnail","6":"product_cat-non-classe","8":"first","9":"outofstock","10":"taxable","11":"shipping-taxable","12":"purchasable","13":"product-type-simple"},"acf":[],"jetpack_sharing_enabled":true,"_links":{"self":[{"href":"https:\/\/www.fleuristeq4.com\/en\/wp-json\/wp\/v2\/product\/19069","targetHints":{"allow":["GET"]}}],"collection":[{"href":"https:\/\/www.fleuristeq4.com\/en\/wp-json\/wp\/v2\/product"}],"about":[{"href":"https:\/\/www.fleuristeq4.com\/en\/wp-json\/wp\/v2\/types\/product"}],"wp:featuredmedia":[{"embeddable":true,"href":"https:\/\/www.fleuristeq4.com\/en\/wp-json\/wp\/v2\/media\/19067"}],"wp:attachment":[{"href":"https:\/\/www.fleuristeq4.com\/en\/wp-json\/wp\/v2\/media?parent=19069"}],"wp:term":[{"taxonomy":"product_brand","embeddable":true,"href":"https:\/\/www.fleuristeq4.com\/en\/wp-json\/wp\/v2\/product_brand?post=19069"},{"taxonomy":"product_cat","embeddable":true,"href":"https:\/\/www.fleuristeq4.com\/en\/wp-json\/wp\/v2\/product_cat?post=19069"},{"taxonomy":"product_tag","embeddable":true,"href":"https:\/\/www.fleuristeq4.com\/en\/wp-json\/wp\/v2\/product_tag?post=19069"}],"curies":[{"name":"wp","href":"https:\/\/api.w.org\/{rel}","templated":true}]}}