{"id":19066,"date":"2025-10-31T11:21:45","date_gmt":"2025-10-31T15:21:45","guid":{"rendered":"https:\/\/www.fleuristeq4.com\/produit\/caramel-noix-de-cajou-et-bonte-chocolatee-tourbillonnee-135gr\/"},"modified":"2025-10-31T11:21:48","modified_gmt":"2025-10-31T15:21:48","slug":"caramel-noix-de-cajou-et-bonte-chocolatee-tourbillonnee-135gr","status":"publish","type":"product","link":"https:\/\/www.fleuristeq4.com\/en\/product\/caramel-noix-de-cajou-et-bonte-chocolatee-tourbillonnee-135gr\/","title":{"rendered":"Caramel, noix de cajou et bont\u00e9 chocolat\u00e9e tourbillonn\u00e9e 135gr"},"content":{"rendered":"","protected":false},"excerpt":{"rendered":"","protected":false},"featured_media":19063,"template":"","meta":{"_acf_changed":false,"_seopress_robots_primary_cat":"","_seopress_titles_title":"","_seopress_titles_desc":"","_seopress_robots_index":"","om_disable_all_campaigns":false},"product_brand":[],"product_cat":[126,99,66,118],"product_tag":[],"class_list":{"0":"post-19066","1":"product","2":"type-product","3":"status-publish","4":"has-post-thumbnail","6":"product_cat-chocolats-2","7":"product_cat-coin-gourmand","8":"product_cat-cadeaux","9":"product_cat-bonbons","11":"first","12":"instock","13":"taxable","14":"shipping-taxable","15":"purchasable","16":"product-type-simple"},"acf":[],"jetpack_sharing_enabled":true,"_links":{"self":[{"href":"https:\/\/www.fleuristeq4.com\/en\/wp-json\/wp\/v2\/product\/19066","targetHints":{"allow":["GET"]}}],"collection":[{"href":"https:\/\/www.fleuristeq4.com\/en\/wp-json\/wp\/v2\/product"}],"about":[{"href":"https:\/\/www.fleuristeq4.com\/en\/wp-json\/wp\/v2\/types\/product"}],"wp:featuredmedia":[{"embeddable":true,"href":"https:\/\/www.fleuristeq4.com\/en\/wp-json\/wp\/v2\/media\/19063"}],"wp:attachment":[{"href":"https:\/\/www.fleuristeq4.com\/en\/wp-json\/wp\/v2\/media?parent=19066"}],"wp:term":[{"taxonomy":"product_brand","embeddable":true,"href":"https:\/\/www.fleuristeq4.com\/en\/wp-json\/wp\/v2\/product_brand?post=19066"},{"taxonomy":"product_cat","embeddable":true,"href":"https:\/\/www.fleuristeq4.com\/en\/wp-json\/wp\/v2\/product_cat?post=19066"},{"taxonomy":"product_tag","embeddable":true,"href":"https:\/\/www.fleuristeq4.com\/en\/wp-json\/wp\/v2\/product_tag?post=19066"}],"curies":[{"name":"wp","href":"https:\/\/api.w.org\/{rel}","templated":true}]}}