{"id":17481,"date":"2025-01-22T12:38:07","date_gmt":"2025-01-22T17:38:07","guid":{"rendered":"https:\/\/www.fleuristeq4.com\/produit\/omg-tartinade-a-la-guimauve-saveur-de-brownie-et-pate-a-biscuits\/"},"modified":"2025-06-30T16:24:57","modified_gmt":"2025-06-30T20:24:57","slug":"omg-tartinade-a-la-guimauve-saveur-de-brownie-et-pate-a-biscuits","status":"publish","type":"product","link":"https:\/\/www.fleuristeq4.com\/en\/product\/omg-tartinade-a-la-guimauve-saveur-de-brownie-et-pate-a-biscuits\/","title":{"rendered":"OMG tartinade \u00e0 la guimauve saveur de brownie et p\u00e2te \u00e0 biscuits"},"content":{"rendered":"","protected":false},"excerpt":{"rendered":"","protected":false},"featured_media":17479,"template":"","meta":{"_acf_changed":false,"_seopress_robots_primary_cat":"","_seopress_titles_title":"","_seopress_titles_desc":"","_seopress_robots_index":"","om_disable_all_campaigns":false},"product_brand":[],"product_cat":[118],"product_tag":[],"class_list":{"0":"post-17481","1":"product","2":"type-product","3":"status-publish","4":"has-post-thumbnail","6":"product_cat-bonbons","8":"first","9":"outofstock","10":"taxable","11":"shipping-taxable","12":"purchasable","13":"product-type-simple"},"acf":[],"jetpack_sharing_enabled":true,"_links":{"self":[{"href":"https:\/\/www.fleuristeq4.com\/en\/wp-json\/wp\/v2\/product\/17481","targetHints":{"allow":["GET"]}}],"collection":[{"href":"https:\/\/www.fleuristeq4.com\/en\/wp-json\/wp\/v2\/product"}],"about":[{"href":"https:\/\/www.fleuristeq4.com\/en\/wp-json\/wp\/v2\/types\/product"}],"wp:featuredmedia":[{"embeddable":true,"href":"https:\/\/www.fleuristeq4.com\/en\/wp-json\/wp\/v2\/media\/17479"}],"wp:attachment":[{"href":"https:\/\/www.fleuristeq4.com\/en\/wp-json\/wp\/v2\/media?parent=17481"}],"wp:term":[{"taxonomy":"product_brand","embeddable":true,"href":"https:\/\/www.fleuristeq4.com\/en\/wp-json\/wp\/v2\/product_brand?post=17481"},{"taxonomy":"product_cat","embeddable":true,"href":"https:\/\/www.fleuristeq4.com\/en\/wp-json\/wp\/v2\/product_cat?post=17481"},{"taxonomy":"product_tag","embeddable":true,"href":"https:\/\/www.fleuristeq4.com\/en\/wp-json\/wp\/v2\/product_tag?post=17481"}],"curies":[{"name":"wp","href":"https:\/\/api.w.org\/{rel}","templated":true}]}}