{"id":16924,"date":"2024-11-18T14:57:55","date_gmt":"2024-11-18T19:57:55","guid":{"rendered":"https:\/\/www.fleuristeq4.com\/produit\/boite-mystere-de-noel-stitch\/"},"modified":"2025-02-02T15:24:36","modified_gmt":"2025-02-02T20:24:36","slug":"boite-mystere-de-noel-stitch","status":"publish","type":"product","link":"https:\/\/www.fleuristeq4.com\/en\/product\/boite-mystere-de-noel-stitch\/","title":{"rendered":"Bo\u00eete myst\u00e8re de No\u00ebl Stitch"},"content":{"rendered":"<p>Valeur de 50$ + une carte cadeau de 10$ gratuite<\/p>\n","protected":false},"excerpt":{"rendered":"<p>Valeur de 50$ + une carte cadeau de 10$ gratuite<\/p>\n","protected":false},"featured_media":16922,"template":"","meta":{"_acf_changed":false,"_seopress_robots_primary_cat":"","_seopress_titles_title":"","_seopress_titles_desc":"","_seopress_robots_index":"","om_disable_all_campaigns":false},"product_brand":[],"product_cat":[132,66,112],"product_tag":[],"class_list":{"0":"post-16924","1":"product","2":"type-product","3":"status-publish","4":"has-post-thumbnail","6":"product_cat-cadeaux-dhotesse","7":"product_cat-cadeaux","8":"product_cat-paniers","10":"first","11":"outofstock","12":"taxable","13":"shipping-taxable","14":"purchasable","15":"product-type-simple"},"acf":[],"jetpack_sharing_enabled":true,"_links":{"self":[{"href":"https:\/\/www.fleuristeq4.com\/en\/wp-json\/wp\/v2\/product\/16924","targetHints":{"allow":["GET"]}}],"collection":[{"href":"https:\/\/www.fleuristeq4.com\/en\/wp-json\/wp\/v2\/product"}],"about":[{"href":"https:\/\/www.fleuristeq4.com\/en\/wp-json\/wp\/v2\/types\/product"}],"wp:featuredmedia":[{"embeddable":true,"href":"https:\/\/www.fleuristeq4.com\/en\/wp-json\/wp\/v2\/media\/16922"}],"wp:attachment":[{"href":"https:\/\/www.fleuristeq4.com\/en\/wp-json\/wp\/v2\/media?parent=16924"}],"wp:term":[{"taxonomy":"product_brand","embeddable":true,"href":"https:\/\/www.fleuristeq4.com\/en\/wp-json\/wp\/v2\/product_brand?post=16924"},{"taxonomy":"product_cat","embeddable":true,"href":"https:\/\/www.fleuristeq4.com\/en\/wp-json\/wp\/v2\/product_cat?post=16924"},{"taxonomy":"product_tag","embeddable":true,"href":"https:\/\/www.fleuristeq4.com\/en\/wp-json\/wp\/v2\/product_tag?post=16924"}],"curies":[{"name":"wp","href":"https:\/\/api.w.org\/{rel}","templated":true}]}}