{"id":15617,"date":"2024-05-31T12:32:29","date_gmt":"2024-05-31T16:32:29","guid":{"rendered":"https:\/\/www.fleuristeq4.com\/produit\/corbeille-de-fleurs-dans-un-vase-pour-dire-au-revoir\/"},"modified":"2025-10-27T09:03:48","modified_gmt":"2025-10-27T13:03:48","slug":"corbeille-de-fleurs-dans-un-vase-pour-dire-au-revoir","status":"publish","type":"product","link":"https:\/\/www.fleuristeq4.com\/en\/product\/corbeille-de-fleurs-dans-un-vase-pour-dire-au-revoir\/","title":{"rendered":"Corbeille de fleurs dans un vase pour dire au revoir."},"content":{"rendered":"<p>La s\u00e9lection peut diff\u00e9rer selon les disponibilit\u00e9s en boutique.<\/p>\n","protected":false},"excerpt":{"rendered":"<p>La s\u00e9lection peut diff\u00e9rer selon les disponibilit\u00e9s en boutique.<\/p>\n","protected":false},"featured_media":15615,"template":"","meta":{"_acf_changed":false,"_seopress_robots_primary_cat":"","_seopress_titles_title":"","_seopress_titles_desc":"","_seopress_robots_index":"","om_disable_all_campaigns":false},"product_brand":[],"product_cat":[93,218,88,94],"product_tag":[],"class_list":{"0":"post-15617","1":"product","2":"type-product","3":"status-publish","4":"has-post-thumbnail","6":"product_cat-bouquets","7":"product_cat-corbeille","8":"product_cat-fleurs","9":"product_cat-funerailles","11":"first","12":"instock","13":"taxable","14":"shipping-taxable","15":"purchasable","16":"product-type-simple"},"acf":[],"jetpack_sharing_enabled":true,"_links":{"self":[{"href":"https:\/\/www.fleuristeq4.com\/en\/wp-json\/wp\/v2\/product\/15617","targetHints":{"allow":["GET"]}}],"collection":[{"href":"https:\/\/www.fleuristeq4.com\/en\/wp-json\/wp\/v2\/product"}],"about":[{"href":"https:\/\/www.fleuristeq4.com\/en\/wp-json\/wp\/v2\/types\/product"}],"wp:featuredmedia":[{"embeddable":true,"href":"https:\/\/www.fleuristeq4.com\/en\/wp-json\/wp\/v2\/media\/15615"}],"wp:attachment":[{"href":"https:\/\/www.fleuristeq4.com\/en\/wp-json\/wp\/v2\/media?parent=15617"}],"wp:term":[{"taxonomy":"product_brand","embeddable":true,"href":"https:\/\/www.fleuristeq4.com\/en\/wp-json\/wp\/v2\/product_brand?post=15617"},{"taxonomy":"product_cat","embeddable":true,"href":"https:\/\/www.fleuristeq4.com\/en\/wp-json\/wp\/v2\/product_cat?post=15617"},{"taxonomy":"product_tag","embeddable":true,"href":"https:\/\/www.fleuristeq4.com\/en\/wp-json\/wp\/v2\/product_tag?post=15617"}],"curies":[{"name":"wp","href":"https:\/\/api.w.org\/{rel}","templated":true}]}}