{"id":15553,"date":"2024-05-29T12:07:27","date_gmt":"2024-05-29T16:07:27","guid":{"rendered":"https:\/\/www.fleuristeq4.com\/produit\/mais-souffle-au-caramel-enrobe-de-chocolat-au-lait-kandju-115g\/"},"modified":"2025-01-21T17:08:44","modified_gmt":"2025-01-21T22:08:44","slug":"mais-souffle-au-caramel-enrobe-de-chocolat-au-lait-kandju-115g","status":"publish","type":"product","link":"https:\/\/www.fleuristeq4.com\/en\/product\/mais-souffle-au-caramel-enrobe-de-chocolat-au-lait-kandju-115g\/","title":{"rendered":"Ma\u00efs souffl\u00e9 au caramel enrob\u00e9 de chocolat au lait - KandJu - 115g"},"content":{"rendered":"","protected":false},"excerpt":{"rendered":"","protected":false},"featured_media":15551,"template":"","meta":{"_acf_changed":false,"_seopress_robots_primary_cat":"","_seopress_titles_title":"","_seopress_titles_desc":"","_seopress_robots_index":"","om_disable_all_campaigns":false},"product_brand":[],"product_cat":[116,126,118,124],"product_tag":[],"class_list":{"0":"post-15553","1":"product","2":"type-product","3":"status-publish","4":"has-post-thumbnail","6":"product_cat-autre-chocolat","7":"product_cat-chocolats-2","8":"product_cat-bonbons","9":"product_cat-bonbons-populaires","11":"first","12":"outofstock","13":"taxable","14":"shipping-taxable","15":"purchasable","16":"product-type-simple"},"acf":[],"jetpack_sharing_enabled":true,"_links":{"self":[{"href":"https:\/\/www.fleuristeq4.com\/en\/wp-json\/wp\/v2\/product\/15553","targetHints":{"allow":["GET"]}}],"collection":[{"href":"https:\/\/www.fleuristeq4.com\/en\/wp-json\/wp\/v2\/product"}],"about":[{"href":"https:\/\/www.fleuristeq4.com\/en\/wp-json\/wp\/v2\/types\/product"}],"wp:featuredmedia":[{"embeddable":true,"href":"https:\/\/www.fleuristeq4.com\/en\/wp-json\/wp\/v2\/media\/15551"}],"wp:attachment":[{"href":"https:\/\/www.fleuristeq4.com\/en\/wp-json\/wp\/v2\/media?parent=15553"}],"wp:term":[{"taxonomy":"product_brand","embeddable":true,"href":"https:\/\/www.fleuristeq4.com\/en\/wp-json\/wp\/v2\/product_brand?post=15553"},{"taxonomy":"product_cat","embeddable":true,"href":"https:\/\/www.fleuristeq4.com\/en\/wp-json\/wp\/v2\/product_cat?post=15553"},{"taxonomy":"product_tag","embeddable":true,"href":"https:\/\/www.fleuristeq4.com\/en\/wp-json\/wp\/v2\/product_tag?post=15553"}],"curies":[{"name":"wp","href":"https:\/\/api.w.org\/{rel}","templated":true}]}}