{"id":15331,"date":"2024-05-02T12:28:36","date_gmt":"2024-05-02T16:28:36","guid":{"rendered":"https:\/\/www.fleuristeq4.com\/produit\/sarah-et-ses-petites-douceurs-boite-decouverte\/"},"modified":"2024-05-02T12:28:38","modified_gmt":"2024-05-02T16:28:38","slug":"sarah-et-ses-petites-douceurs-boite-decouverte","status":"publish","type":"product","link":"https:\/\/www.fleuristeq4.com\/en\/product\/sarah-et-ses-petites-douceurs-boite-decouverte\/","title":{"rendered":"Sarah et ses petites douceurs, bo\u00eete d\u00e9couverte"},"content":{"rendered":"<p>Une bo\u00eete inspir\u00e9e par notre merveilleuse influenceuse Sarah.<\/p>\n<p>Laissez-vous g\u00e2ter, laissez-vous charmer par notre s\u00e9lection.<\/p>\n<p>Certains articles peuvent varier selon les disponibilit\u00e9s.<\/p>\n<p>Il peut y avoir un d\u00e9lai de 2 \u00e0 3 semaines pour recevoir votre bo\u00eete.<\/p>\n","protected":false},"excerpt":{"rendered":"<p>Une bo\u00eete inspir\u00e9e par notre merveilleuse influenceuse Sarah. Laissez-vous g\u00e2ter, laissez-vous charmer par notre s\u00e9lection. Certains articles peuvent varier selon les disponibilit\u00e9s. Il peut y avoir un d\u00e9lai de 2 \u00e0 3 semaines pour recevoir votre bo\u00eete.<\/p>\n","protected":false},"featured_media":15329,"template":"","meta":{"_acf_changed":false,"_seopress_robots_primary_cat":"","_seopress_titles_title":"","_seopress_titles_desc":"","_seopress_robots_index":"","om_disable_all_campaigns":false},"product_brand":[],"product_cat":[117,132,83,66,112],"product_tag":[],"class_list":{"0":"post-15331","1":"product","2":"type-product","3":"status-publish","4":"has-post-thumbnail","6":"product_cat-boite-surprise","7":"product_cat-cadeaux-dhotesse","8":"product_cat-decors-accessoires","9":"product_cat-cadeaux","10":"product_cat-paniers","12":"first","13":"instock","14":"taxable","15":"shipping-taxable","16":"purchasable","17":"product-type-simple"},"acf":[],"jetpack_sharing_enabled":true,"_links":{"self":[{"href":"https:\/\/www.fleuristeq4.com\/en\/wp-json\/wp\/v2\/product\/15331","targetHints":{"allow":["GET"]}}],"collection":[{"href":"https:\/\/www.fleuristeq4.com\/en\/wp-json\/wp\/v2\/product"}],"about":[{"href":"https:\/\/www.fleuristeq4.com\/en\/wp-json\/wp\/v2\/types\/product"}],"wp:featuredmedia":[{"embeddable":true,"href":"https:\/\/www.fleuristeq4.com\/en\/wp-json\/wp\/v2\/media\/15329"}],"wp:attachment":[{"href":"https:\/\/www.fleuristeq4.com\/en\/wp-json\/wp\/v2\/media?parent=15331"}],"wp:term":[{"taxonomy":"product_brand","embeddable":true,"href":"https:\/\/www.fleuristeq4.com\/en\/wp-json\/wp\/v2\/product_brand?post=15331"},{"taxonomy":"product_cat","embeddable":true,"href":"https:\/\/www.fleuristeq4.com\/en\/wp-json\/wp\/v2\/product_cat?post=15331"},{"taxonomy":"product_tag","embeddable":true,"href":"https:\/\/www.fleuristeq4.com\/en\/wp-json\/wp\/v2\/product_tag?post=15331"}],"curies":[{"name":"wp","href":"https:\/\/api.w.org\/{rel}","templated":true}]}}