{"id":13692,"date":"2024-02-03T10:44:47","date_gmt":"2024-02-03T15:44:47","guid":{"rendered":"https:\/\/www.fleuristeq4.com\/produit\/lamour-en-boite-parfait-pour-les-amoureux\/"},"modified":"2024-02-03T10:49:36","modified_gmt":"2024-02-03T15:49:36","slug":"lamour-en-boite-parfait-pour-les-amoureux","status":"publish","type":"product","link":"https:\/\/www.fleuristeq4.com\/en\/product\/lamour-en-boite-parfait-pour-les-amoureux\/","title":{"rendered":"L\u2019amour en bo\u00eete, parfait pour les amoureux"},"content":{"rendered":"<p>\"Une magnifique bo\u00eete parfaite pour les amoureux. \u00c0 l\u2019int\u00e9rieur, vous trouverez de petites douceurs id\u00e9ales pour faire plaisir ! Laissez notre \u00e9quipe s\u00e9lectionner les petits cadeaux parfaits !<\/p>\n<p>Le choix des articles peut varier selon les disponibilit\u00e9s.\"<\/p>\n","protected":false},"excerpt":{"rendered":"<p>\"Une magnifique bo\u00eete parfaite pour les amoureux. \u00c0 l\u2019int\u00e9rieur, vous trouverez de petites douceurs id\u00e9ales pour faire plaisir ! Laissez notre \u00e9quipe s\u00e9lectionner les petits cadeaux parfaits ! Le choix des articles peut varier selon les disponibilit\u00e9s.\"<\/p>\n","protected":false},"featured_media":13689,"template":"","meta":{"_acf_changed":false,"_seopress_robots_primary_cat":"","_seopress_titles_title":"","_seopress_titles_desc":"","_seopress_robots_index":"","om_disable_all_campaigns":false},"product_brand":[],"product_cat":[117,123,132,88,66,118,135],"product_tag":[],"class_list":{"0":"post-13692","1":"product","2":"type-product","3":"status-publish","4":"has-post-thumbnail","6":"product_cat-boite-surprise","7":"product_cat-boites-mysteres","8":"product_cat-cadeaux-dhotesse","9":"product_cat-fleurs","10":"product_cat-cadeaux","11":"product_cat-bonbons","12":"product_cat-montages","13":"product_shipping_class-fleuristerie","15":"first","16":"instock","17":"taxable","18":"shipping-taxable","19":"purchasable","20":"product-type-simple"},"acf":[],"jetpack_sharing_enabled":true,"_links":{"self":[{"href":"https:\/\/www.fleuristeq4.com\/en\/wp-json\/wp\/v2\/product\/13692","targetHints":{"allow":["GET"]}}],"collection":[{"href":"https:\/\/www.fleuristeq4.com\/en\/wp-json\/wp\/v2\/product"}],"about":[{"href":"https:\/\/www.fleuristeq4.com\/en\/wp-json\/wp\/v2\/types\/product"}],"wp:featuredmedia":[{"embeddable":true,"href":"https:\/\/www.fleuristeq4.com\/en\/wp-json\/wp\/v2\/media\/13689"}],"wp:attachment":[{"href":"https:\/\/www.fleuristeq4.com\/en\/wp-json\/wp\/v2\/media?parent=13692"}],"wp:term":[{"taxonomy":"product_brand","embeddable":true,"href":"https:\/\/www.fleuristeq4.com\/en\/wp-json\/wp\/v2\/product_brand?post=13692"},{"taxonomy":"product_cat","embeddable":true,"href":"https:\/\/www.fleuristeq4.com\/en\/wp-json\/wp\/v2\/product_cat?post=13692"},{"taxonomy":"product_tag","embeddable":true,"href":"https:\/\/www.fleuristeq4.com\/en\/wp-json\/wp\/v2\/product_tag?post=13692"}],"curies":[{"name":"wp","href":"https:\/\/api.w.org\/{rel}","templated":true}]}}