{"id":12054,"date":"2023-09-29T14:36:31","date_gmt":"2023-09-29T18:36:31","guid":{"rendered":"https:\/\/www.fleuristeq4.com\/produit\/panier-cadeau-bebe-maman\/"},"modified":"2023-09-29T14:36:55","modified_gmt":"2023-09-29T18:36:55","slug":"panier-cadeau-bebe-maman","status":"publish","type":"product","link":"https:\/\/www.fleuristeq4.com\/en\/product\/panier-cadeau-bebe-maman\/","title":{"rendered":"Panier cadeau b\u00e9b\u00e9 maman"},"content":{"rendered":"<p>Les produits peuvent dig\u00e9r\u00e9s selon la disponibilit\u00e9.<\/p>\n<p>Faite confiance \u00e0 l'\u00e9quipe<\/p>\n","protected":false},"excerpt":{"rendered":"<p>Les produits peuvent dig\u00e9r\u00e9s selon la disponibilit\u00e9. Faite confiance \u00e0 l'\u00e9quipe<\/p>\n","protected":false},"featured_media":12052,"template":"","meta":{"_acf_changed":false,"_seopress_robots_primary_cat":"","_seopress_titles_title":"","_seopress_titles_desc":"","_seopress_robots_index":"","om_disable_all_campaigns":false},"product_brand":[],"product_cat":[132,66,76,112],"product_tag":[],"class_list":{"0":"post-12054","1":"product","2":"type-product","3":"status-publish","4":"has-post-thumbnail","6":"product_cat-cadeaux-dhotesse","7":"product_cat-cadeaux","8":"product_cat-non-classe","9":"product_cat-paniers","11":"first","12":"instock","13":"taxable","14":"shipping-taxable","15":"purchasable","16":"product-type-simple"},"acf":[],"jetpack_sharing_enabled":true,"_links":{"self":[{"href":"https:\/\/www.fleuristeq4.com\/en\/wp-json\/wp\/v2\/product\/12054","targetHints":{"allow":["GET"]}}],"collection":[{"href":"https:\/\/www.fleuristeq4.com\/en\/wp-json\/wp\/v2\/product"}],"about":[{"href":"https:\/\/www.fleuristeq4.com\/en\/wp-json\/wp\/v2\/types\/product"}],"wp:featuredmedia":[{"embeddable":true,"href":"https:\/\/www.fleuristeq4.com\/en\/wp-json\/wp\/v2\/media\/12052"}],"wp:attachment":[{"href":"https:\/\/www.fleuristeq4.com\/en\/wp-json\/wp\/v2\/media?parent=12054"}],"wp:term":[{"taxonomy":"product_brand","embeddable":true,"href":"https:\/\/www.fleuristeq4.com\/en\/wp-json\/wp\/v2\/product_brand?post=12054"},{"taxonomy":"product_cat","embeddable":true,"href":"https:\/\/www.fleuristeq4.com\/en\/wp-json\/wp\/v2\/product_cat?post=12054"},{"taxonomy":"product_tag","embeddable":true,"href":"https:\/\/www.fleuristeq4.com\/en\/wp-json\/wp\/v2\/product_tag?post=12054"}],"curies":[{"name":"wp","href":"https:\/\/api.w.org\/{rel}","templated":true}]}}