{"id":12006,"date":"2023-09-28T16:02:43","date_gmt":"2023-09-28T20:02:43","guid":{"rendered":"https:\/\/www.fleuristeq4.com\/produit\/panier-cadeau-maman-en-douceur\/"},"modified":"2023-09-28T16:05:18","modified_gmt":"2023-09-28T20:05:18","slug":"panier-cadeau-maman-en-douceur","status":"publish","type":"product","link":"https:\/\/www.fleuristeq4.com\/en\/product\/panier-cadeau-maman-en-douceur\/","title":{"rendered":"Panier cadeau maman en douceur"},"content":{"rendered":"<p>S\u00e9lection de l'\u00e9quipe.<\/p>\n<p>Les produits peuvent vari\u00e9s selon la disponibilit\u00e9s.<\/p>\n","protected":false},"excerpt":{"rendered":"<p>S\u00e9lection de l'\u00e9quipe. Les produits peuvent vari\u00e9s selon la disponibilit\u00e9s.<\/p>\n","protected":false},"featured_media":12004,"template":"","meta":{"_acf_changed":false,"_seopress_robots_primary_cat":"","_seopress_titles_title":"","_seopress_titles_desc":"","_seopress_robots_index":"","om_disable_all_campaigns":false},"product_brand":[],"product_cat":[132,66,76,112],"product_tag":[],"class_list":{"0":"post-12006","1":"product","2":"type-product","3":"status-publish","4":"has-post-thumbnail","6":"product_cat-cadeaux-dhotesse","7":"product_cat-cadeaux","8":"product_cat-non-classe","9":"product_cat-paniers","11":"first","12":"instock","13":"taxable","14":"shipping-taxable","15":"purchasable","16":"product-type-simple"},"acf":[],"jetpack_sharing_enabled":true,"_links":{"self":[{"href":"https:\/\/www.fleuristeq4.com\/en\/wp-json\/wp\/v2\/product\/12006","targetHints":{"allow":["GET"]}}],"collection":[{"href":"https:\/\/www.fleuristeq4.com\/en\/wp-json\/wp\/v2\/product"}],"about":[{"href":"https:\/\/www.fleuristeq4.com\/en\/wp-json\/wp\/v2\/types\/product"}],"wp:featuredmedia":[{"embeddable":true,"href":"https:\/\/www.fleuristeq4.com\/en\/wp-json\/wp\/v2\/media\/12004"}],"wp:attachment":[{"href":"https:\/\/www.fleuristeq4.com\/en\/wp-json\/wp\/v2\/media?parent=12006"}],"wp:term":[{"taxonomy":"product_brand","embeddable":true,"href":"https:\/\/www.fleuristeq4.com\/en\/wp-json\/wp\/v2\/product_brand?post=12006"},{"taxonomy":"product_cat","embeddable":true,"href":"https:\/\/www.fleuristeq4.com\/en\/wp-json\/wp\/v2\/product_cat?post=12006"},{"taxonomy":"product_tag","embeddable":true,"href":"https:\/\/www.fleuristeq4.com\/en\/wp-json\/wp\/v2\/product_tag?post=12006"}],"curies":[{"name":"wp","href":"https:\/\/api.w.org\/{rel}","templated":true}]}}