{"id":11171,"date":"2023-07-18T18:32:23","date_gmt":"2023-07-18T22:32:23","guid":{"rendered":"https:\/\/www.fleuristeq4.com\/produit\/biere-au-beurre-harry-potter-butterscotch-beer\/"},"modified":"2025-12-22T13:16:18","modified_gmt":"2025-12-22T18:16:18","slug":"biere-au-beurre-harry-potter-butterscotch-beer","status":"publish","type":"product","link":"https:\/\/www.fleuristeq4.com\/en\/product\/biere-au-beurre-harry-potter-butterscotch-beer\/","title":{"rendered":"Bi\u00e8re au beurre Harry Potter, butterscotch beer"},"content":{"rendered":"<p>D\u00e9licieuse bi\u00e8re au beurre Harry Potter, 1 pour 5,95$, \u00e0 l'achat de 4 bi\u00e8res, vous aurez la chance d'avoir la bo\u00eete de transport originale d'inclus.<\/p>\n","protected":false},"excerpt":{"rendered":"<p>D\u00e9licieuse bi\u00e8re au beurre Harry Potter, 1 pour 5,95$, \u00e0 l'achat de 4 bi\u00e8res, vous aurez la chance d'avoir la bo\u00eete de transport originale d'inclus.<\/p>\n","protected":false},"featured_media":11165,"template":"","meta":{"_acf_changed":false,"_seopress_robots_primary_cat":"","_seopress_titles_title":"","_seopress_titles_desc":"","_seopress_robots_index":"","om_disable_all_campaigns":false},"product_brand":[],"product_cat":[79,118,124,122],"product_tag":[],"class_list":{"0":"post-11171","1":"product","2":"type-product","3":"status-publish","4":"has-post-thumbnail","6":"product_cat-boissons","7":"product_cat-bonbons","8":"product_cat-bonbons-populaires","9":"product_cat-tik-tok","11":"first","12":"outofstock","13":"taxable","14":"shipping-taxable","15":"purchasable","16":"product-type-simple"},"acf":[],"jetpack_sharing_enabled":true,"_links":{"self":[{"href":"https:\/\/www.fleuristeq4.com\/en\/wp-json\/wp\/v2\/product\/11171","targetHints":{"allow":["GET"]}}],"collection":[{"href":"https:\/\/www.fleuristeq4.com\/en\/wp-json\/wp\/v2\/product"}],"about":[{"href":"https:\/\/www.fleuristeq4.com\/en\/wp-json\/wp\/v2\/types\/product"}],"wp:featuredmedia":[{"embeddable":true,"href":"https:\/\/www.fleuristeq4.com\/en\/wp-json\/wp\/v2\/media\/11165"}],"wp:attachment":[{"href":"https:\/\/www.fleuristeq4.com\/en\/wp-json\/wp\/v2\/media?parent=11171"}],"wp:term":[{"taxonomy":"product_brand","embeddable":true,"href":"https:\/\/www.fleuristeq4.com\/en\/wp-json\/wp\/v2\/product_brand?post=11171"},{"taxonomy":"product_cat","embeddable":true,"href":"https:\/\/www.fleuristeq4.com\/en\/wp-json\/wp\/v2\/product_cat?post=11171"},{"taxonomy":"product_tag","embeddable":true,"href":"https:\/\/www.fleuristeq4.com\/en\/wp-json\/wp\/v2\/product_tag?post=11171"}],"curies":[{"name":"wp","href":"https:\/\/api.w.org\/{rel}","templated":true}]}}