{"id":10354,"date":"2023-04-22T12:09:41","date_gmt":"2023-04-22T16:09:41","guid":{"rendered":"https:\/\/www.fleuristeq4.com\/produit\/bouquet-mariee-retombee-d-orchidees-et-de-roses-rouge\/"},"modified":"2024-07-22T13:18:24","modified_gmt":"2024-07-22T17:18:24","slug":"bouquet-mariee-retombee-d-orchidees-et-de-roses-rouge","status":"publish","type":"product","link":"https:\/\/www.fleuristeq4.com\/en\/product\/bouquet-mariee-retombee-d-orchidees-et-de-roses-rouge\/","title":{"rendered":"Bouquet mari\u00e9e Retomb\u00e9e d\u2019 orchid\u00e9es et de roses rouge"},"content":{"rendered":"<ul style=\"margin-bottom: 1rem;margin-top: 0px;padding-left: 0px;font-family: Poppins, sans-serif;font-size: 14px;letter-spacing: 1.159999966621399px\">\n<li>Ce magnifique bouquet est pr\u00e9sent\u00e9 avec nos fleurs du moment.<\/li>\n<li>Prendre note que les choix de fleurs est sujet \u00e0 changement selon la saison ou la disponibilit\u00e9 en frigo.<\/li>\n<li>Faites confiance \u00e0 l'artiste!<\/li>\n<\/ul>\n","protected":false},"excerpt":{"rendered":"<p>Ce magnifique bouquet est pr\u00e9sent\u00e9 avec nos fleurs du moment. Prendre note que les choix de fleurs est sujet \u00e0 changement selon la saison ou la disponibilit\u00e9 en frigo. Faites confiance \u00e0 l'artiste!<\/p>\n","protected":false},"featured_media":10352,"template":"","meta":{"_acf_changed":false,"_seopress_robots_primary_cat":"","_seopress_titles_title":"","_seopress_titles_desc":"","_seopress_robots_index":"","om_disable_all_campaigns":false},"product_brand":[],"product_cat":[93,88,97],"product_tag":[],"class_list":{"0":"post-10354","1":"product","2":"type-product","3":"status-publish","4":"has-post-thumbnail","6":"product_cat-bouquets","7":"product_cat-fleurs","8":"product_cat-mariage","10":"first","11":"instock","12":"taxable","13":"shipping-taxable","14":"purchasable","15":"product-type-simple"},"acf":[],"jetpack_sharing_enabled":true,"_links":{"self":[{"href":"https:\/\/www.fleuristeq4.com\/en\/wp-json\/wp\/v2\/product\/10354","targetHints":{"allow":["GET"]}}],"collection":[{"href":"https:\/\/www.fleuristeq4.com\/en\/wp-json\/wp\/v2\/product"}],"about":[{"href":"https:\/\/www.fleuristeq4.com\/en\/wp-json\/wp\/v2\/types\/product"}],"wp:featuredmedia":[{"embeddable":true,"href":"https:\/\/www.fleuristeq4.com\/en\/wp-json\/wp\/v2\/media\/10352"}],"wp:attachment":[{"href":"https:\/\/www.fleuristeq4.com\/en\/wp-json\/wp\/v2\/media?parent=10354"}],"wp:term":[{"taxonomy":"product_brand","embeddable":true,"href":"https:\/\/www.fleuristeq4.com\/en\/wp-json\/wp\/v2\/product_brand?post=10354"},{"taxonomy":"product_cat","embeddable":true,"href":"https:\/\/www.fleuristeq4.com\/en\/wp-json\/wp\/v2\/product_cat?post=10354"},{"taxonomy":"product_tag","embeddable":true,"href":"https:\/\/www.fleuristeq4.com\/en\/wp-json\/wp\/v2\/product_tag?post=10354"}],"curies":[{"name":"wp","href":"https:\/\/api.w.org\/{rel}","templated":true}]}}