{"id":8991,"date":"2023-01-11T15:35:14","date_gmt":"2023-01-11T20:35:14","guid":{"rendered":"https:\/\/www.fleuristeq4.com\/accueil\/"},"modified":"2023-06-02T09:29:37","modified_gmt":"2023-06-02T13:29:37","slug":"accueil","status":"publish","type":"page","link":"https:\/\/www.fleuristeq4.com\/en\/","title":{"rendered":"Accueil"},"content":{"rendered":"","protected":false},"excerpt":{"rendered":"","protected":false},"author":1,"featured_media":0,"parent":0,"menu_order":0,"comment_status":"closed","ping_status":"closed","template":"","meta":{"_acf_changed":false,"_seopress_robots_primary_cat":"","_seopress_titles_title":"Boutique cadeaux : Cadeaux, fleurs, chocolats et bonbons | Boutique Q4","_seopress_titles_desc":"Boutique de cadeaux, fleuriste, bonbons et chocolats  au m\u00eame endroit! Bienvenue chez boutique Q4 votre boutique de cadeaux situ\u00e9 \u00e0 Saint-Jean-sur-Richelieu.","_seopress_robots_index":"","om_disable_all_campaigns":false,"footnotes":""},"class_list":["post-8991","page","type-page","status-publish","hentry"],"acf":[],"jetpack_sharing_enabled":true,"_links":{"self":[{"href":"https:\/\/www.fleuristeq4.com\/en\/wp-json\/wp\/v2\/pages\/8991","targetHints":{"allow":["GET"]}}],"collection":[{"href":"https:\/\/www.fleuristeq4.com\/en\/wp-json\/wp\/v2\/pages"}],"about":[{"href":"https:\/\/www.fleuristeq4.com\/en\/wp-json\/wp\/v2\/types\/page"}],"author":[{"embeddable":true,"href":"https:\/\/www.fleuristeq4.com\/en\/wp-json\/wp\/v2\/users\/1"}],"replies":[{"embeddable":true,"href":"https:\/\/www.fleuristeq4.com\/en\/wp-json\/wp\/v2\/comments?post=8991"}],"version-history":[{"count":1,"href":"https:\/\/www.fleuristeq4.com\/en\/wp-json\/wp\/v2\/pages\/8991\/revisions"}],"predecessor-version":[{"id":8992,"href":"https:\/\/www.fleuristeq4.com\/en\/wp-json\/wp\/v2\/pages\/8991\/revisions\/8992"}],"wp:attachment":[{"href":"https:\/\/www.fleuristeq4.com\/en\/wp-json\/wp\/v2\/media?parent=8991"}],"curies":[{"name":"wp","href":"https:\/\/api.w.org\/{rel}","templated":true}]}}